{"id":6297,"date":"2022-06-07T12:31:45","date_gmt":"2022-06-07T10:31:45","guid":{"rendered":"https:\/\/www.herbesl.com\/valvulas-de-guillotina\/"},"modified":"2022-11-21T12:05:10","modified_gmt":"2022-11-21T11:05:10","slug":"vannes-a-guillotine","status":"publish","type":"page","link":"https:\/\/www.herbesl.com\/fr\/vannes-a-guillotine\/","title":{"rendered":"Vannes \u00e0 guillotine"},"content":{"rendered":"<p><section id=\"bt_section69eca01b28876\"  class=\"boldSection topSemiSpaced bottomSemiSpaced gutter boxed inherit\" ><div class=\"port\"><div class=\"boldCell\"><div class=\"boldCellInner\"><div class=\"boldRow \" ><div class=\"boldRowInner\"><div class=\"rowItem col-md-12 col-ms-12  btTextLeft animate animate-fadein inherit\"  data-width=\"12\"><div class=\"rowItemContent\" ><header class=\"header btClear large btDash bottomDash  regular\" ><div class=\"btSuperTitle\"><span>Nos produits<\/span><\/div><div class=\"dash\"><h2><span class=\"headline\">Vannes \u00e0 Guillotine<\/span><\/h2><\/div><div class=\"btSubTitle\">Herbe dispose d\u2019une vaste gamme de vannes \u00e0 guillotine en diff\u00e9rents mat\u00e9riaux, dimensions, \u00e0 actionnements manuels ou automatiques, permettant de s\u2019adapter \u00e0 une multitude d\u2019applications dans le contr\u00f4le de fluides.<br \/><br>Notre service technique pourra en outre \u00e9tudier et concevoir la meilleure solution pour les installations n\u00e9cessitant des produits sp\u00e9cifiques, que ce soit en dimension, mat\u00e9riel ou actionnements.<\/div><\/header><div class=\"btClear btSeparator bottomSmallSpaced noBorder\" ><hr><\/div><\/div><\/div><\/div><\/div><\/div><\/div><\/div><\/section><section id=\"bt_section69eca01b28c64\"  class=\"boldSection bottomSpaced gutter boxed inherit\" ><div class=\"port\"><div class=\"boldCell\"><div class=\"boldCellInner\"><div class=\"boldRow row-product\" ><div class=\"boldRowInner\"><div class=\"rowItem col-md-12 col-ms-12  btTextLeft\"  data-width=\"12\"><div class=\"rowItemContent\" ><div class=\"btText\" ><div class='row'><div class='col-sm-4 wrap_posts_items'><p class='img-resp'><a href='https:\/\/www.herbesl.com\/fr\/producto\/pal\/'><img border='0' src='https:\/\/www.herbesl.com\/wp-content\/uploads\/2022\/05\/PAL1-1.jpg' \/><\/a><\/p><h4 class='btText'><a href='https:\/\/www.herbesl.com\/fr\/producto\/pal\/'>PAL<\/a><\/h4><p>Le mod\u00e8le RBR-PAL est une vanne type \u00ab wafer \u00bb d\u2019utilisation&#8230; &nbsp;&nbsp;&nbsp;<a href='https:\/\/www.herbesl.com\/fr\/producto\/pal\/' class='readmore'>Lire plus &#187;<\/a><\/p><\/div><div class='col-sm-4 wrap_posts_items'><p class='img-resp'><a href='https:\/\/www.herbesl.com\/fr\/producto\/pal-lug\/'><img border='0' src='https:\/\/www.herbesl.com\/wp-content\/uploads\/2022\/06\/PAL-LUG-NEW.png' \/><\/a><\/p><h4 class='btText'><a href='https:\/\/www.herbesl.com\/fr\/producto\/pal-lug\/'>PAL LUG<\/a><\/h4><p>Le mod\u00e8le RBR-PAL-LUG est une vanne avec des caract\u00e9ristiques s&#8230; &nbsp;&nbsp;&nbsp;<a href='https:\/\/www.herbesl.com\/fr\/producto\/pal-lug\/' class='readmore'>Lire plus &#187;<\/a><\/p><\/div><div class='col-sm-4 wrap_posts_items'><p class='img-resp'><a href='https:\/\/www.herbesl.com\/fr\/producto\/hc\/'><img border='0' src='https:\/\/www.herbesl.com\/wp-content\/uploads\/2022\/06\/HC1-NEW.png' \/><\/a><\/p><h4 class='btText'><a href='https:\/\/www.herbesl.com\/fr\/producto\/hc\/'>HC<\/a><\/h4><p>Le mod\u00e8le RBR-HC est une vanne type \u00ab wafer \u00bb d\u2019utilisation &#8230; &nbsp;&nbsp;&nbsp;<a href='https:\/\/www.herbesl.com\/fr\/producto\/hc\/' class='readmore'>Lire plus &#187;<\/a><\/p><\/div><div class='col-sm-4 wrap_posts_items'><p class='img-resp'><a href='https:\/\/www.herbesl.com\/fr\/producto\/hcfr\/'><img border='0' src='https:\/\/www.herbesl.com\/wp-content\/uploads\/2022\/06\/HCFR-Icono.png' \/><\/a><\/p><h4 class='btText'><a href='https:\/\/www.herbesl.com\/fr\/producto\/hcfr\/'>HCFR<\/a><\/h4><p>Le mod\u00e8le HCFR est une vanne \u00e0 guillotine type \u00ab wafer \u00bb tr\u00e8&#8230; &nbsp;&nbsp;&nbsp;<a href='https:\/\/www.herbesl.com\/fr\/producto\/hcfr\/' class='readmore'>Lire plus &#187;<\/a><\/p><\/div><div class='col-sm-4 wrap_posts_items'><p class='img-resp'><a href='https:\/\/www.herbesl.com\/fr\/producto\/hp\/'><img border='0' src='https:\/\/www.herbesl.com\/wp-content\/uploads\/2022\/06\/HP1-NEW.png' \/><\/a><\/p><h4 class='btText'><a href='https:\/\/www.herbesl.com\/fr\/producto\/hp\/'>HP<\/a><\/h4><p>Le mod\u00e8le RBR-HP est une vanne \u00e0 guillotine traversante pour ap&#8230; &nbsp;&nbsp;&nbsp;<a href='https:\/\/www.herbesl.com\/fr\/producto\/hp\/' class='readmore'>Lire plus &#187;<\/a><\/p><\/div><div class='col-sm-4 wrap_posts_items'><p class='img-resp'><a href='https:\/\/www.herbesl.com\/fr\/producto\/hpdg\/'><img border='0' src='https:\/\/www.herbesl.com\/wp-content\/uploads\/2022\/06\/HPDG-Icono.png' \/><\/a><\/p><h4 class='btText'><a href='https:\/\/www.herbesl.com\/fr\/producto\/hpdg\/'>HPDG<\/a><\/h4><p>Le mod\u00e8le HPDG est une vanne \u00e0 guillotine type \u00ab wafer \u00bb bidi&#8230; &nbsp;&nbsp;&nbsp;<a href='https:\/\/www.herbesl.com\/fr\/producto\/hpdg\/' class='readmore'>Lire plus &#187;<\/a><\/p><\/div><div class='col-sm-4 wrap_posts_items'><p class='img-resp'><a href='https:\/\/www.herbesl.com\/fr\/producto\/hapm\/'><img border='0' src='https:\/\/www.herbesl.com\/wp-content\/uploads\/2022\/06\/HAPM-Icono.png' \/><\/a><\/p><h4 class='btText'><a href='https:\/\/www.herbesl.com\/fr\/producto\/hapm\/'>HAPM<\/a><\/h4><p>Le mod\u00e8le HAPM est une vanne \u00e0 guillotine type \u00ab wafer \u00bb unid&#8230; &nbsp;&nbsp;&nbsp;<a href='https:\/\/www.herbesl.com\/fr\/producto\/hapm\/' class='readmore'>Lire plus &#187;<\/a><\/p><\/div><div class='col-sm-4 wrap_posts_items'><p class='img-resp'><a href='https:\/\/www.herbesl.com\/fr\/producto\/hapf\/'><img border='0' src='https:\/\/www.herbesl.com\/wp-content\/uploads\/2024\/12\/HAPF-Icono.png' \/><\/a><\/p><h4 class='btText'><a href='https:\/\/www.herbesl.com\/fr\/producto\/hapf\/'>HAPF<\/a><\/h4><p>Le mod\u00e8le HAPF est une vanne \u00e0 guillotine type \u00ab wafer \u00bb unid&#8230; &nbsp;&nbsp;&nbsp;<a href='https:\/\/www.herbesl.com\/fr\/producto\/hapf\/' class='readmore'>Lire plus &#187;<\/a><\/p><\/div><div class='col-sm-4 wrap_posts_items'><p class='img-resp'><a href='https:\/\/www.herbesl.com\/fr\/producto\/tp\/'><img border='0' src='https:\/\/www.herbesl.com\/wp-content\/uploads\/2022\/06\/TP-NEW.png' \/><\/a><\/p><h4 class='btText'><a href='https:\/\/www.herbesl.com\/fr\/producto\/tp\/'>TP<\/a><\/h4><p>Le mod\u00e8le TP est une vanne \u00e0 guillotine traversante type \u00ab waf&#8230; &nbsp;&nbsp;&nbsp;<a href='https:\/\/www.herbesl.com\/fr\/producto\/tp\/' class='readmore'>Lire plus &#187;<\/a><\/p><\/div><div class='col-sm-4 wrap_posts_items'><p class='img-resp'><a href='https:\/\/www.herbesl.com\/fr\/producto\/hm\/'><img border='0' src='https:\/\/www.herbesl.com\/wp-content\/uploads\/2022\/06\/HMHOJA1-NEW.png' \/><\/a><\/p><h4 class='btText'><a href='https:\/\/www.herbesl.com\/fr\/producto\/hm\/'>HM<\/a><\/h4><p>Le mod\u00e8le HM est une vanne \u00e0 guillotine type \u00ab wafer \u00bb bidire&#8230; &nbsp;&nbsp;&nbsp;<a href='https:\/\/www.herbesl.com\/fr\/producto\/hm\/' class='readmore'>Lire plus &#187;<\/a><\/p><\/div><div class='col-sm-4 wrap_posts_items'><p class='img-resp'><a href='https:\/\/www.herbesl.com\/fr\/producto\/hmc20\/'><img border='0' src='https:\/\/www.herbesl.com\/wp-content\/uploads\/2022\/06\/HMC20-Icono.png' \/><\/a><\/p><h4 class='btText'><a href='https:\/\/www.herbesl.com\/fr\/producto\/hmc20\/'>HMC20<\/a><\/h4><p>Le HMC20 est une vanne \u00e0 guillotine monobloc bidirectionnelle de&#8230; &nbsp;&nbsp;&nbsp;<a href='https:\/\/www.herbesl.com\/fr\/producto\/hmc20\/' class='readmore'>Lire plus &#187;<\/a><\/p><\/div><div class='col-sm-4 wrap_posts_items'><p class='img-resp'><a href='https:\/\/www.herbesl.com\/fr\/producto\/speciales-2\/'><img border='0' src='https:\/\/www.herbesl.com\/wp-content\/uploads\/2022\/03\/hcrr.jpg' \/><\/a><\/p><h4 class='btText'><a href='https:\/\/www.herbesl.com\/fr\/producto\/speciales-2\/'>SP\u00c9CIALES<\/a><\/h4><p>Notre service technique \u00e9tudiera la solution la plus appropri\u00e9e&#8230; &nbsp;&nbsp;&nbsp;<a href='https:\/\/www.herbesl.com\/fr\/producto\/speciales-2\/' class='readmore'>Lire plus &#187;<\/a><\/p><\/div><\/div><\/div><\/div><\/div><\/div><\/div><\/div><\/div><\/div><\/section><\/p>\n","protected":false},"excerpt":{"rendered":"<p>Una amplia gama de v\u00e1lvulas de guillotina en diferentes materiales.<\/p>\n","protected":false},"author":1,"featured_media":0,"parent":0,"menu_order":0,"comment_status":"closed","ping_status":"closed","template":"","meta":{"footnotes":""},"class_list":["post-6297","page","type-page","status-publish","hentry"],"acf":[],"_links":{"self":[{"href":"https:\/\/www.herbesl.com\/fr\/wp-json\/wp\/v2\/pages\/6297","targetHints":{"allow":["GET"]}}],"collection":[{"href":"https:\/\/www.herbesl.com\/fr\/wp-json\/wp\/v2\/pages"}],"about":[{"href":"https:\/\/www.herbesl.com\/fr\/wp-json\/wp\/v2\/types\/page"}],"author":[{"embeddable":true,"href":"https:\/\/www.herbesl.com\/fr\/wp-json\/wp\/v2\/users\/1"}],"replies":[{"embeddable":true,"href":"https:\/\/www.herbesl.com\/fr\/wp-json\/wp\/v2\/comments?post=6297"}],"version-history":[{"count":2,"href":"https:\/\/www.herbesl.com\/fr\/wp-json\/wp\/v2\/pages\/6297\/revisions"}],"predecessor-version":[{"id":6344,"href":"https:\/\/www.herbesl.com\/fr\/wp-json\/wp\/v2\/pages\/6297\/revisions\/6344"}],"wp:attachment":[{"href":"https:\/\/www.herbesl.com\/fr\/wp-json\/wp\/v2\/media?parent=6297"}],"curies":[{"name":"wp","href":"https:\/\/api.w.org\/{rel}","templated":true}]}}