{"id":6282,"date":"2022-03-25T16:20:55","date_gmt":"2022-03-25T15:20:55","guid":{"rendered":"https:\/\/www.herbesl.com\/descargas\/"},"modified":"2024-12-02T13:01:17","modified_gmt":"2024-12-02T12:01:17","slug":"telecharger","status":"publish","type":"page","link":"https:\/\/www.herbesl.com\/fr\/telecharger\/","title":{"rendered":"T\u00e9l\u00e9charger"},"content":{"rendered":"<p><section id=\"bt_section69ecb1b75ae2d\"  class=\"boldSection bottomSemiSpaced gutter boxed inherit\" ><div class=\"port\"><div class=\"boldCell\"><div class=\"boldCellInner\"><div class=\"boldRow \" ><div class=\"boldRowInner\"><div class=\"rowItem col-md-12 col-ms-12  btTextLeft inherit\"  data-width=\"12\"><div class=\"rowItemContent\" ><header class=\"header btClear large btDash bottomDash  regular\" ><div class=\"btSuperTitle\"><span>MANUELS ET CATALOGUES<\/span><\/div><div class=\"dash\"><h2><span class=\"headline\">Trouvez ce dont vous avez besoin parmi nos produits<\/span><\/h2><\/div><div class=\"btSubTitle\">Dans cette section, vous pouvez t\u00e9l\u00e9charger tous les manuels dont vous avez besoin, tant g\u00e9n\u00e9raux que pour nos clapets de retenue et nos vannes \u00e0 guillotine.<\/div><\/header><div class=\"btClear btSeparator bottomSmallSpaced noBorder\" ><hr><\/div><div class=\"btText\" ><\/div><div class=\"boldRow \" ><div class=\"boldRowInner\"><div class=\"rowItem rowInnerItem col-sm-6  btTextLeft\"  ><div class=\"rowItemContent\"><a href=\"https:\/\/herbesl.com\/wp-content\/uploads\/2020\/11\/Declaration-of-Conformity-DC-MODULE-A-and-DC-ART.-4.3.pdf\" class=\"btBtn btBtn btnFilledStyle btnAccentColor btnExtraSmall btnFullWidth btnInlinePosition btnNoIcon\"  target=\"_blank\"><span class=\"btnInnerText\">D\u00e9claration de conformit\u00e9 DC MOD-A<\/span><\/a><a href=\"https:\/\/www.herbesl.com\/wp-content\/uploads\/2024\/11\/ISO-9001-2015-INGLES.pdf\" class=\"btBtn btBtn btnFilledStyle btnAccentColor btnExtraSmall btnFullWidth btnInlinePosition btnNoIcon\"  target=\"_blank\"><span class=\"btnInnerText\">Certifi\u00e9 ISO 9001<\/span><\/a><a href=\"https:\/\/herbesl.com\/wp-content\/uploads\/2021\/03\/Declaration-of-Conformity-DC-ST52-CF8M-BC2.pdf\" class=\"btBtn btBtn btnFilledStyle btnAccentColor btnExtraSmall btnFullWidth btnInlinePosition btnNoIcon\"  target=\"_blank\"><span class=\"btnInnerText\">D\u00e9claration de conformit\u00e9 DC MOD B+C2<\/span><\/a><a href=\"https:\/\/herbesl.com\/wp-content\/uploads\/2020\/11\/Declaration-of-Conformity-RD-MODULE-A-and-RD-ART.-4.3.pdf\" class=\"btBtn btBtn btnFilledStyle btnAccentColor btnExtraSmall btnFullWidth btnInlinePosition btnNoIcon\"  target=\"_blank\"><span class=\"btnInnerText\">D\u00e9claration de conformit\u00e9 RD \/ RDCR MOD A<\/span><\/a><a href=\"https:\/\/herbesl.com\/wp-content\/uploads\/2020\/11\/Declaration-of-Conformity-CP-MODULE-A-and-CP-ART.-4.3.pdf\" class=\"btBtn btBtn btnFilledStyle btnAccentColor btnExtraSmall btnFullWidth btnInlinePosition btnNoIcon\"  target=\"_blank\"><span class=\"btnInnerText\">D\u00e9claration de conformit\u00e9 CP \/ FP MOD A<\/span><\/a><a href=\"https:\/\/herbesl.com\/wp-content\/uploads\/2020\/11\/Declaration-of-Conformity-HC-PAL-PAL-LUG-HMC-HCFR-HPDG-and-TP-MODULE-A.pdf\" class=\"btBtn btBtn btnFilledStyle btnAccentColor btnExtraSmall btnFullWidth btnInlinePosition btnNoIcon\"  target=\"_blank\"><span class=\"btnInnerText\">D\u00e9claration de conformit\u00e9 HC \/ PAL \/ PAL LUG \/ HMC \/ HCFR \/ HPDG \/ TP MOD A<\/span><\/a><a href=\"https:\/\/herbesl.com\/wp-content\/uploads\/2021\/03\/Declaration-of-Conformity-DC-EN-GJS-400-BC2.pdf\" class=\"btBtn btBtn btnFilledStyle btnAccentColor btnExtraSmall btnFullWidth btnInlinePosition btnNoIcon\"  target=\"_blank\"><span class=\"btnInnerText\">D\u00e9claration de conformit\u00e9 DC EN-GJS-400-15 MOD B+C2<\/span><\/a><\/div><\/div><div class=\"rowItem rowInnerItem col-sm-6  btTextLeft\"  ><div class=\"rowItemContent\"><a href=\"https:\/\/herbesl.com\/wp-content\/uploads\/2020\/11\/Declaration-of-Conformity-HM-MODULE-A.pdf\" class=\"btBtn btBtn btnFilledStyle btnAccentColor btnExtraSmall btnFullWidth btnInlinePosition btnNoIcon\"  target=\"_blank\"><span class=\"btnInnerText\">D\u00e9claration de conformit\u00e9 HM MOD A<\/span><\/a><a href=\"https:\/\/herbesl.com\/wp-content\/uploads\/2020\/11\/Declaration-of-Conformity-HAP-MODULE-A-and-HAP-ART.-4.3.pdf\" class=\"btBtn btBtn btnFilledStyle btnAccentColor btnExtraSmall btnFullWidth btnInlinePosition btnNoIcon\"  target=\"_blank\"><span class=\"btnInnerText\">D\u00e9claration de conformit\u00e9 HAP MOD A<\/span><\/a><a href=\"https:\/\/herbesl.com\/wp-content\/uploads\/2020\/11\/Declaration-of-Conformity-HP-MODULE-A.pdf\" class=\"btBtn btBtn btnFilledStyle btnAccentColor btnExtraSmall btnFullWidth btnInlinePosition btnNoIcon\"  target=\"_blank\"><span class=\"btnInnerText\">D\u00e9claration de conformit\u00e9 HP MOD A<\/span><\/a><a href=\"https:\/\/www.herbesl.com\/wp-content\/uploads\/2023\/02\/Declaracion-de-conformidad-RD-Modulos-BC2.pdf\" class=\"btBtn btBtn btnFilledStyle btnAccentColor btnExtraSmall btnFullWidth btnInlinePosition btnNoIcon\"  target=\"_blank\"><span class=\"btnInnerText\">D\u00e9claration de conformit\u00e9 RD MOD B+C2<\/span><\/a><a href=\"https:\/\/www.herbesl.com\/wp-content\/uploads\/2023\/02\/GARANTIA-HERBE-VALVES.pdf\" class=\"btBtn btBtn btnFilledStyle btnAccentColor btnExtraSmall btnFullWidth btnInlinePosition btnNoIcon\"  target=\"_blank\"><span class=\"btnInnerText\">Garantie Herbe Valves<\/span><\/a><a href=\"https:\/\/herbesl.com\/wp-content\/uploads\/2020\/11\/POLITICA-DE-CALIDAD.pdf\" class=\"btBtn btBtn btnFilledStyle btnAccentColor btnExtraSmall btnFullWidth btnInlinePosition btnNoIcon\"  target=\"_blank\"><span class=\"btnInnerText\">Politique de qualit\u00e9<\/span><\/a><a href=\"https:\/\/www.herbesl.com\/wp-content\/uploads\/2024\/11\/TERMINOS-Y-CONDICIONES-DE-VENTA-HERBE-VALVES-2024-FR.pdf\" class=\"btBtn btBtn btnFilledStyle btnAccentColor btnExtraSmall btnFullWidth btnInlinePosition btnNoIcon\"  target=\"_blank\"><span class=\"btnInnerText\">Conditions g\u00e9n\u00e9rales de vente<\/span><\/a><\/div><\/div><\/div><\/div><div class=\"btClear btSeparator bottomSmallSpaced noBorder\" ><hr><\/div><\/div><\/div><\/div><\/div><\/div><\/div><\/div><\/section><section id=\"guillotina\"  class=\"boldSection bottomSemiSpaced gutter boxed inherit\" ><div class=\"port\"><div class=\"boldCell\"><div class=\"boldCellInner\"><div class=\"boldRow \" ><div class=\"boldRowInner\"><div class=\"rowItem col-md-12 col-ms-12  btTextLeft inherit\"  data-width=\"12\"><div class=\"rowItemContent\" ><header class=\"header btClear large btDash bottomDash  regular\" ><div class=\"btSuperTitle\"><span>T\u00c9L\u00c9CHARGER LES MANUELS ET LES CATALOGUES<\/span><\/div><div class=\"dash\"><h2><span class=\"headline\">VANNES \u00c0 GUILLOTINE<\/span><\/h2><\/div><\/header><\/div><\/div><\/div><\/div><\/div><\/div><\/div><\/section><section id=\"bt_section69ecb1b75bdb5\"  class=\"boldSection bottomSemiSpaced inherit\" ><div class=\"port\"><div class=\"boldCell\"><div class=\"boldCellInner\"><div class=\"boldRow  btNoRowSpacing\" ><div class=\"boldRowInner\"><div class=\"rowItem col-md-3 col-sm-6 col-ms-12 btTextLeft inherit btNoPadding\"  data-width=\"3\"><div class=\"rowItemContent\" ><div class=\"bpgPhoto btToGrayscaleHoverType btOutlinedImage\" > \n\t\t\t\t\t<a href=\"\/wp-content\/uploads\/2024\/11\/Herbe_Pal_catalogo_WEB_ENGLISH.pdf\" target=\"_blank\" title=\"T\u00e9l\u00e9charger\"><\/a>\n\t\t\t\t\t<div class=\"boldPhotoBox\"><div class=\"bpbItem\"><div class = \"btImage\"><img decoding=\"async\" src=\"https:\/\/www.herbesl.com\/wp-content\/uploads\/2024\/05\/Portada_catENG2024.jpg\" alt=\"\" title=\"T\u00e9l\u00e9charger\"><\/div><\/div><\/div>\n\t\t\t\t\t<div class=\"captionPane btDarkSkin btTextCenter\">\n\t\t\t\t\t\t<div class=\"captionTable\">\n\t\t\t\t\t\t\t<div class=\"captionCell\">\n\t\t\t\t\t\t\t\t<div class=\"captionTxt\"><header class=\"header btClear extrasmall\" ><div class=\"btSuperTitle\"><span>PAL<\/span><\/div><div class=\"dash\"><h4><span class=\"headline\">T\u00e9l\u00e9charger<\/span><\/h4><\/div><\/header><\/div>\n\t\t\t\t\t\t\t<\/div>\n\t\t\t\t\t\t<\/div>\n\t\t\t\t\t<\/div><\/div><\/div><\/div><div class=\"rowItem col-md-3 col-sm-6 col-ms-12 btTextLeft inherit btNoPadding\"  data-width=\"3\"><div class=\"rowItemContent\" ><div class=\"bpgPhoto btToGrayscaleHoverType btOutlinedImage\" > \n\t\t\t\t\t<a href=\"\/wp-content\/uploads\/2022\/06\/CATALOGO_PAL-LUG_ESPANOL-WEB.pdf\" target=\"_blank\" title=\"T\u00e9l\u00e9charger\"><\/a>\n\t\t\t\t\t<div class=\"boldPhotoBox\"><div class=\"bpbItem\"><div class = \"btImage\"><img decoding=\"async\" src=\"https:\/\/www.herbesl.com\/wp-content\/uploads\/2022\/06\/PORTADA-CATALOGO-PAL-LUG.jpg\" alt=\"\" title=\"T\u00e9l\u00e9charger\"><\/div><\/div><\/div>\n\t\t\t\t\t<div class=\"captionPane btDarkSkin btTextCenter\">\n\t\t\t\t\t\t<div class=\"captionTable\">\n\t\t\t\t\t\t\t<div class=\"captionCell\">\n\t\t\t\t\t\t\t\t<div class=\"captionTxt\"><header class=\"header btClear extrasmall\" ><div class=\"btSuperTitle\"><span>PAL LUG<\/span><\/div><div class=\"dash\"><h4><span class=\"headline\">T\u00e9l\u00e9charger<\/span><\/h4><\/div><\/header><\/div>\n\t\t\t\t\t\t\t<\/div>\n\t\t\t\t\t\t<\/div>\n\t\t\t\t\t<\/div><\/div><\/div><\/div><div class=\"rowItem col-md-3 col-sm-6 col-ms-12 btTextLeft\"  data-width=\"3\"><div class=\"rowItemContent\" ><div class=\"bpgPhoto btToGrayscaleHoverType btOutlinedImage\" > \n\t\t\t\t\t<a href=\"\/wp-content\/uploads\/2022\/06\/HOJATECNICA_HC_INGLES.pdf\" target=\"_blank\" title=\"T\u00e9l\u00e9charger\"><\/a>\n\t\t\t\t\t<div class=\"boldPhotoBox\"><div class=\"bpbItem\"><div class = \"btImage\"><img decoding=\"async\" src=\"https:\/\/www.herbesl.com\/wp-content\/uploads\/2022\/11\/Portada-HC-Fra.jpg\" alt=\"\" title=\"T\u00e9l\u00e9charger\"><\/div><\/div><\/div>\n\t\t\t\t\t<div class=\"captionPane btDarkSkin btTextCenter\">\n\t\t\t\t\t\t<div class=\"captionTable\">\n\t\t\t\t\t\t\t<div class=\"captionCell\">\n\t\t\t\t\t\t\t\t<div class=\"captionTxt\"><header class=\"header btClear extrasmall\" ><div class=\"btSuperTitle\"><span>HC<\/span><\/div><div class=\"dash\"><h4><span class=\"headline\">T\u00e9l\u00e9charger<\/span><\/h4><\/div><\/header><\/div>\n\t\t\t\t\t\t\t<\/div>\n\t\t\t\t\t\t<\/div>\n\t\t\t\t\t<\/div><\/div><\/div><\/div><div class=\"rowItem col-md-3 col-sm-6 col-ms-12 btTextLeft\"  data-width=\"3\"><div class=\"rowItemContent\" ><div class=\"bpgPhoto btToGrayscaleHoverType btOutlinedImage\" > \n\t\t\t\t\t<a href=\"\/wp-content\/uploads\/2022\/11\/CATALOGO_HP_INGLES-FRANCES_NEW.pdf\" target=\"_blank\" title=\"T\u00e9l\u00e9charger\"><\/a>\n\t\t\t\t\t<div class=\"boldPhotoBox\"><div class=\"bpbItem\"><div class = \"btImage\"><img decoding=\"async\" src=\"https:\/\/www.herbesl.com\/wp-content\/uploads\/2022\/11\/Portada-HP-ING.jpg\" alt=\"\" title=\"T\u00e9l\u00e9charger\"><\/div><\/div><\/div>\n\t\t\t\t\t<div class=\"captionPane btDarkSkin btTextCenter\">\n\t\t\t\t\t\t<div class=\"captionTable\">\n\t\t\t\t\t\t\t<div class=\"captionCell\">\n\t\t\t\t\t\t\t\t<div class=\"captionTxt\"><header class=\"header btClear extrasmall\" ><div class=\"btSuperTitle\"><span>HP<\/span><\/div><div class=\"dash\"><h4><span class=\"headline\">T\u00e9l\u00e9charger<\/span><\/h4><\/div><\/header><\/div>\n\t\t\t\t\t\t\t<\/div>\n\t\t\t\t\t\t<\/div>\n\t\t\t\t\t<\/div><\/div><\/div><\/div><\/div><\/div><\/div><\/div><\/div><\/section><section id=\"bt_section69ecb1b761a68\"  class=\"boldSection bottomSemiSpaced inherit\" ><div class=\"port\"><div class=\"boldCell\"><div class=\"boldCellInner\"><div class=\"boldRow  btNoRowSpacing\" ><div class=\"boldRowInner\"><div class=\"rowItem col-md-3 col-sm-6 col-ms-12 btTextLeft inherit btNoPadding\"  data-width=\"3\"><div class=\"rowItemContent\" ><div class=\"bpgPhoto btToGrayscaleHoverType btOutlinedImage\" > \n\t\t\t\t\t<a href=\"\/wp-content\/uploads\/2022\/06\/HOJATECNICA_HAP_FRANCES.pdf\" target=\"_blank\" title=\"T\u00e9l\u00e9charger\"><\/a>\n\t\t\t\t\t<div class=\"boldPhotoBox\"><div class=\"bpbItem\"><div class = \"btImage\"><img decoding=\"async\" src=\"https:\/\/www.herbesl.com\/wp-content\/uploads\/2022\/11\/Portada-HAP-Fra.jpg\" alt=\"\" title=\"T\u00e9l\u00e9charger\"><\/div><\/div><\/div>\n\t\t\t\t\t<div class=\"captionPane btDarkSkin btTextCenter\">\n\t\t\t\t\t\t<div class=\"captionTable\">\n\t\t\t\t\t\t\t<div class=\"captionCell\">\n\t\t\t\t\t\t\t\t<div class=\"captionTxt\"><header class=\"header btClear extrasmall\" ><div class=\"btSuperTitle\"><span>HAP<\/span><\/div><div class=\"dash\"><h4><span class=\"headline\">T\u00e9l\u00e9charger<\/span><\/h4><\/div><\/header><\/div>\n\t\t\t\t\t\t\t<\/div>\n\t\t\t\t\t\t<\/div>\n\t\t\t\t\t<\/div><\/div><\/div><\/div><div class=\"rowItem col-md-3 col-sm-6 col-ms-12 btTextLeft inherit btNoPadding\"  data-width=\"3\"><div class=\"rowItemContent\" ><div class=\"bpgPhoto btToGrayscaleHoverType btOutlinedImage\" > \n\t\t\t\t\t<a href=\"\/wp-content\/uploads\/2022\/06\/HOJATECNICA_HPDG_INGLES_BAJA.pdf\" target=\"_blank\" title=\"T\u00e9l\u00e9charger\"><\/a>\n\t\t\t\t\t<div class=\"boldPhotoBox\"><div class=\"bpbItem\"><div class = \"btImage\"><img decoding=\"async\" src=\"https:\/\/www.herbesl.com\/wp-content\/uploads\/2022\/11\/Portada-HPDG-ING.jpg\" alt=\"\" title=\"T\u00e9l\u00e9charger\"><\/div><\/div><\/div>\n\t\t\t\t\t<div class=\"captionPane btDarkSkin btTextCenter\">\n\t\t\t\t\t\t<div class=\"captionTable\">\n\t\t\t\t\t\t\t<div class=\"captionCell\">\n\t\t\t\t\t\t\t\t<div class=\"captionTxt\"><header class=\"header btClear extrasmall\" ><div class=\"btSuperTitle\"><span>HPDG<\/span><\/div><div class=\"dash\"><h4><span class=\"headline\">T\u00e9l\u00e9charger<\/span><\/h4><\/div><\/header><\/div>\n\t\t\t\t\t\t\t<\/div>\n\t\t\t\t\t\t<\/div>\n\t\t\t\t\t<\/div><\/div><\/div><\/div><div class=\"rowItem col-md-3 col-sm-6 col-ms-12 btTextLeft\"  data-width=\"3\"><div class=\"rowItemContent\" ><div class=\"bpgPhoto btToGrayscaleHoverType btOutlinedImage\" > \n\t\t\t\t\t<a href=\"\/wp-content\/uploads\/2022\/06\/HOJATECNICA_HCFR_INGLES_BAJA.pdf\" target=\"_blank\" title=\"T\u00e9l\u00e9charger\"><\/a>\n\t\t\t\t\t<div class=\"boldPhotoBox\"><div class=\"bpbItem\"><div class = \"btImage\"><img decoding=\"async\" src=\"https:\/\/www.herbesl.com\/wp-content\/uploads\/2022\/11\/Portada-HCFR-ING.jpg\" alt=\"\" title=\"T\u00e9l\u00e9charger\"><\/div><\/div><\/div>\n\t\t\t\t\t<div class=\"captionPane btDarkSkin btTextCenter\">\n\t\t\t\t\t\t<div class=\"captionTable\">\n\t\t\t\t\t\t\t<div class=\"captionCell\">\n\t\t\t\t\t\t\t\t<div class=\"captionTxt\"><header class=\"header btClear extrasmall\" ><div class=\"btSuperTitle\"><span>HCFR<\/span><\/div><div class=\"dash\"><h4><span class=\"headline\">T\u00e9l\u00e9charger<\/span><\/h4><\/div><\/header><\/div>\n\t\t\t\t\t\t\t<\/div>\n\t\t\t\t\t\t<\/div>\n\t\t\t\t\t<\/div><\/div><\/div><\/div><div class=\"rowItem col-md-3 col-sm-6 col-ms-12 btTextLeft\"  data-width=\"3\"><div class=\"rowItemContent\" ><div class=\"bpgPhoto btToGrayscaleHoverType btOutlinedImage\" > \n\t\t\t\t\t<a href=\"\/wp-content\/uploads\/2022\/06\/HOJATECNICA_TP_INGLES.pdf\" target=\"_blank\" title=\"T\u00e9l\u00e9charger\"><\/a>\n\t\t\t\t\t<div class=\"boldPhotoBox\"><div class=\"bpbItem\"><div class = \"btImage\"><img decoding=\"async\" src=\"https:\/\/www.herbesl.com\/wp-content\/uploads\/2022\/11\/Portada-TP-ING.jpg\" alt=\"\" title=\"T\u00e9l\u00e9charger\"><\/div><\/div><\/div>\n\t\t\t\t\t<div class=\"captionPane btDarkSkin btTextCenter\">\n\t\t\t\t\t\t<div class=\"captionTable\">\n\t\t\t\t\t\t\t<div class=\"captionCell\">\n\t\t\t\t\t\t\t\t<div class=\"captionTxt\"><header class=\"header btClear extrasmall\" ><div class=\"btSuperTitle\"><span>TP<\/span><\/div><div class=\"dash\"><h4><span class=\"headline\">T\u00e9l\u00e9charger<\/span><\/h4><\/div><\/header><\/div>\n\t\t\t\t\t\t\t<\/div>\n\t\t\t\t\t\t<\/div>\n\t\t\t\t\t<\/div><\/div><\/div><\/div><\/div><\/div><\/div><\/div><\/div><\/section><section id=\"bt_section69ecb1b7671a8\"  class=\"boldSection bottomSemiSpaced inherit\" ><div class=\"port\"><div class=\"boldCell\"><div class=\"boldCellInner\"><div class=\"boldRow  btNoRowSpacing\" ><div class=\"boldRowInner\"><div class=\"rowItem col-md-3 col-sm-6 col-ms-12 btTextLeft inherit btNoPadding\"  data-width=\"3\"><div class=\"rowItemContent\" ><div class=\"bpgPhoto btToGrayscaleHoverType btOutlinedImage\" > \n\t\t\t\t\t<a href=\"\/wp-content\/uploads\/2022\/06\/CATALOGO_HMC20_ESPANOL.pdf\" target=\"_blank\" title=\"Descargar\"><\/a>\n\t\t\t\t\t<div class=\"boldPhotoBox\"><div class=\"bpbItem\"><div class = \"btImage\"><img decoding=\"async\" src=\"https:\/\/www.herbesl.com\/wp-content\/uploads\/2022\/06\/HMC20_portada_catalogo.jpg\" alt=\"\" title=\"Descargar\"><\/div><\/div><\/div>\n\t\t\t\t\t<div class=\"captionPane btDarkSkin btTextCenter\">\n\t\t\t\t\t\t<div class=\"captionTable\">\n\t\t\t\t\t\t\t<div class=\"captionCell\">\n\t\t\t\t\t\t\t\t<div class=\"captionTxt\"><header class=\"header btClear extrasmall\" ><div class=\"btSuperTitle\"><span>HMC20<\/span><\/div><div class=\"dash\"><h4><span class=\"headline\">Descargar<\/span><\/h4><\/div><\/header><\/div>\n\t\t\t\t\t\t\t<\/div>\n\t\t\t\t\t\t<\/div>\n\t\t\t\t\t<\/div><\/div><\/div><\/div><div class=\"rowItem col-md-3 col-sm-6 col-ms-12 btTextLeft inherit btNoPadding\"  data-width=\"3\"><div class=\"rowItemContent\" ><div class=\"bpgPhoto btToGrayscaleHoverType btOutlinedImage\" > \n\t\t\t\t\t<a href=\"\/wp-content\/uploads\/2022\/05\/HOJATECNICAHMOK09_17baja1.pdf\" target=\"_blank\" title=\"Descargar\"><\/a>\n\t\t\t\t\t<div class=\"boldPhotoBox\"><div class=\"bpbItem\"><div class = \"btImage\"><img decoding=\"async\" src=\"https:\/\/www.herbesl.com\/wp-content\/uploads\/2022\/05\/PORTADACATALOGOHM1.jpg\" alt=\"\" title=\"Descargar\"><\/div><\/div><\/div>\n\t\t\t\t\t<div class=\"captionPane btDarkSkin btTextCenter\">\n\t\t\t\t\t\t<div class=\"captionTable\">\n\t\t\t\t\t\t\t<div class=\"captionCell\">\n\t\t\t\t\t\t\t\t<div class=\"captionTxt\"><header class=\"header btClear extrasmall\" ><div class=\"btSuperTitle\"><span>HM<\/span><\/div><div class=\"dash\"><h4><span class=\"headline\">Descargar<\/span><\/h4><\/div><\/header><\/div>\n\t\t\t\t\t\t\t<\/div>\n\t\t\t\t\t\t<\/div>\n\t\t\t\t\t<\/div><\/div><\/div><\/div><div class=\"rowItem col-md-3 col-sm-6 col-ms-12 btTextLeft\"  data-width=\"3\"><div class=\"rowItemContent\" ><\/div><\/div><div class=\"rowItem col-md-3 col-sm-6 col-ms-12 btTextLeft\"  data-width=\"3\"><div class=\"rowItemContent\" ><\/div><\/div><\/div><\/div><\/div><\/div><\/div><\/section><section id=\"retencion\"  class=\"boldSection bottomSemiSpaced gutter boxed inherit\" ><div class=\"port\"><div class=\"boldCell\"><div class=\"boldCellInner\"><div class=\"boldRow \" ><div class=\"boldRowInner\"><div class=\"rowItem col-md-12 col-ms-12  btTextLeft inherit\"  data-width=\"12\"><div class=\"rowItemContent\" ><header class=\"header btClear large btDash bottomDash  regular\" ><div class=\"dash\"><h2><span class=\"headline\">VANNES DE R\u00c9TENTION<\/span><\/h2><\/div><\/header><\/div><\/div><\/div><\/div><\/div><\/div><\/div><\/section><section id=\"bt_section69ecb1b76a0d6\"  class=\"boldSection bottomSemiSpaced inherit\" ><div class=\"port\"><div class=\"boldCell\"><div class=\"boldCellInner\"><div class=\"boldRow  btNoRowSpacing\" ><div class=\"boldRowInner\"><div class=\"rowItem col-md-3 col-sm-6 col-ms-12 btTextLeft inherit btNoPadding\"  data-width=\"3\"><div class=\"rowItemContent\" ><div class=\"bpgPhoto btToGrayscaleHoverType btOutlinedImage\" > \n\t\t\t\t\t<a href=\"https:\/\/www.herbesl.com\/wp-content\/uploads\/2024\/01\/HOJATECNICA_RD-01-24.pdf\" target=\"_blank\" title=\"Descargar\"><\/a>\n\t\t\t\t\t<div class=\"boldPhotoBox\"><div class=\"bpbItem\"><div class = \"btImage\"><img decoding=\"async\" src=\"https:\/\/www.herbesl.com\/wp-content\/uploads\/2022\/05\/PORTADACATALOGORD1-1.jpg\" alt=\"\" title=\"Descargar\"><\/div><\/div><\/div>\n\t\t\t\t\t<div class=\"captionPane btDarkSkin btTextCenter\">\n\t\t\t\t\t\t<div class=\"captionTable\">\n\t\t\t\t\t\t\t<div class=\"captionCell\">\n\t\t\t\t\t\t\t\t<div class=\"captionTxt\"><header class=\"header btClear extrasmall\" ><div class=\"btSuperTitle\"><span>RD<\/span><\/div><div class=\"dash\"><h4><span class=\"headline\">Descargar<\/span><\/h4><\/div><\/header><\/div>\n\t\t\t\t\t\t\t<\/div>\n\t\t\t\t\t\t<\/div>\n\t\t\t\t\t<\/div><\/div><\/div><\/div><div class=\"rowItem col-md-3 col-sm-6 col-ms-12 btTextLeft inherit btNoPadding\"  data-width=\"3\"><div class=\"rowItemContent\" ><div class=\"bpgPhoto btToGrayscaleHoverType btOutlinedImage\" > \n\t\t\t\t\t<a href=\"https:\/\/www.herbesl.com\/wp-content\/uploads\/2024\/01\/HOJATECNICA_CPFP-01-2024.pdf\" target=\"_blank\" title=\"Descargar\"><\/a>\n\t\t\t\t\t<div class=\"boldPhotoBox\"><div class=\"bpbItem\"><div class = \"btImage\"><img decoding=\"async\" src=\"https:\/\/www.herbesl.com\/wp-content\/uploads\/2022\/05\/PORTADACATALOGOCPFP1.jpg\" alt=\"\" title=\"Descargar\"><\/div><\/div><\/div>\n\t\t\t\t\t<div class=\"captionPane btDarkSkin btTextCenter\">\n\t\t\t\t\t\t<div class=\"captionTable\">\n\t\t\t\t\t\t\t<div class=\"captionCell\">\n\t\t\t\t\t\t\t\t<div class=\"captionTxt\"><header class=\"header btClear extrasmall\" ><div class=\"btSuperTitle\"><span>CP<\/span><\/div><div class=\"dash\"><h4><span class=\"headline\">Descargar<\/span><\/h4><\/div><\/header><\/div>\n\t\t\t\t\t\t\t<\/div>\n\t\t\t\t\t\t<\/div>\n\t\t\t\t\t<\/div><\/div><\/div><\/div><div class=\"rowItem col-md-3 col-sm-6 col-ms-12 btTextLeft\"  data-width=\"3\"><div class=\"rowItemContent\" ><\/div><\/div><div class=\"rowItem col-md-3 col-sm-6 col-ms-12 btTextLeft\"  data-width=\"3\"><div class=\"rowItemContent\" ><\/div><\/div><\/div><\/div><\/div><\/div><\/div><\/section><section id=\"bt_section69ecb1b76ad4f\"  class=\"boldSection bottomSemiSpaced inherit\" ><div class=\"port\"><div class=\"boldCell\"><div class=\"boldCellInner\"><div class=\"boldRow  btNoRowSpacing\" ><div class=\"boldRowInner\"><div class=\"rowItem col-md-3 col-sm-6 col-ms-12 btTextLeft inherit btNoPadding\"  data-width=\"3\"><div class=\"rowItemContent\" ><div class=\"bpgPhoto btToGrayscaleHoverType btOutlinedImage\" > \n\t\t\t\t\t<a href=\"\/wp-content\/uploads\/2023\/02\/7_CATALOGO-DC_INGLES_FRANCES-1.pdf\" target=\"_blank\" title=\"Descargar\"><\/a>\n\t\t\t\t\t<div class=\"boldPhotoBox\"><div class=\"bpbItem\"><div class = \"btImage\"><img decoding=\"async\" src=\"https:\/\/www.herbesl.com\/wp-content\/uploads\/2024\/11\/Portada-DC-Eng.jpg\" alt=\"\" title=\"Descargar\"><\/div><\/div><\/div>\n\t\t\t\t\t<div class=\"captionPane btDarkSkin btTextCenter\">\n\t\t\t\t\t\t<div class=\"captionTable\">\n\t\t\t\t\t\t\t<div class=\"captionCell\">\n\t\t\t\t\t\t\t\t<div class=\"captionTxt\"><header class=\"header btClear extrasmall\" ><div class=\"btSuperTitle\"><span>DC<\/span><\/div><div class=\"dash\"><h4><span class=\"headline\">Descargar<\/span><\/h4><\/div><\/header><\/div>\n\t\t\t\t\t\t\t<\/div>\n\t\t\t\t\t\t<\/div>\n\t\t\t\t\t<\/div><\/div><\/div><\/div><div class=\"rowItem col-md-3 col-sm-6 col-ms-12 btTextLeft inherit btNoPadding\"  data-width=\"3\"><div class=\"rowItemContent\" ><div class=\"bpgPhoto btToGrayscaleHoverType btOutlinedImage\" > \n\t\t\t\t\t<a href=\"\/wp-content\/uploads\/2022\/08\/5_CATALOGO-DCT_ESPANOL_INGLES_FRANCES1.pdf\" target=\"_blank\" title=\"Descargar\"><\/a>\n\t\t\t\t\t<div class=\"boldPhotoBox\"><div class=\"bpbItem\"><div class = \"btImage\"><img decoding=\"async\" src=\"https:\/\/www.herbesl.com\/wp-content\/uploads\/2022\/05\/PORTADACATALOGODCT1.jpg\" alt=\"\" title=\"Descargar\"><\/div><\/div><\/div>\n\t\t\t\t\t<div class=\"captionPane btDarkSkin btTextCenter\">\n\t\t\t\t\t\t<div class=\"captionTable\">\n\t\t\t\t\t\t\t<div class=\"captionCell\">\n\t\t\t\t\t\t\t\t<div class=\"captionTxt\"><header class=\"header btClear extrasmall\" ><div class=\"btSuperTitle\"><span>DTC<\/span><\/div><div class=\"dash\"><h4><span class=\"headline\">Descargar<\/span><\/h4><\/div><\/header><\/div>\n\t\t\t\t\t\t\t<\/div>\n\t\t\t\t\t\t<\/div>\n\t\t\t\t\t<\/div><\/div><\/div><\/div><div class=\"rowItem col-md-3 col-sm-6 col-ms-12 btTextLeft\"  data-width=\"3\"><div class=\"rowItemContent\" ><div class=\"bpgPhoto btToGrayscaleHoverType btOutlinedImage\" > \n\t\t\t\t\t<a href=\"https:\/\/www.herbesl.com\/wp-content\/uploads\/2024\/11\/Herbe_DCRU_catalogo_WEB.pdf\" target=\"_blank\" title=\"Descargar\"><\/a>\n\t\t\t\t\t<div class=\"boldPhotoBox\"><div class=\"bpbItem\"><div class = \"btImage\"><img decoding=\"async\" src=\"https:\/\/www.herbesl.com\/wp-content\/uploads\/2024\/11\/Portada-DC-Eng-big-2.jpg\" alt=\"\" title=\"Descargar\"><\/div><\/div><\/div>\n\t\t\t\t\t<div class=\"captionPane btDarkSkin btTextCenter\">\n\t\t\t\t\t\t<div class=\"captionTable\">\n\t\t\t\t\t\t\t<div class=\"captionCell\">\n\t\t\t\t\t\t\t\t<div class=\"captionTxt\"><header class=\"header btClear extrasmall\" ><div class=\"btSuperTitle\"><span>DTC<\/span><\/div><div class=\"dash\"><h4><span class=\"headline\">Descargar<\/span><\/h4><\/div><\/header><\/div>\n\t\t\t\t\t\t\t<\/div>\n\t\t\t\t\t\t<\/div>\n\t\t\t\t\t<\/div><\/div><\/div><\/div><div class=\"rowItem col-md-3 col-sm-6 col-ms-12 btTextLeft\"  data-width=\"3\"><div class=\"rowItemContent\" ><\/div><\/div><\/div><\/div><\/div><\/div><\/div><\/section><\/p>\n","protected":false},"excerpt":{"rendered":"","protected":false},"author":1,"featured_media":5380,"parent":0,"menu_order":0,"comment_status":"closed","ping_status":"closed","template":"","meta":{"footnotes":""},"class_list":["post-6282","page","type-page","status-publish","has-post-thumbnail","hentry"],"acf":[],"_links":{"self":[{"href":"https:\/\/www.herbesl.com\/fr\/wp-json\/wp\/v2\/pages\/6282","targetHints":{"allow":["GET"]}}],"collection":[{"href":"https:\/\/www.herbesl.com\/fr\/wp-json\/wp\/v2\/pages"}],"about":[{"href":"https:\/\/www.herbesl.com\/fr\/wp-json\/wp\/v2\/types\/page"}],"author":[{"embeddable":true,"href":"https:\/\/www.herbesl.com\/fr\/wp-json\/wp\/v2\/users\/1"}],"replies":[{"embeddable":true,"href":"https:\/\/www.herbesl.com\/fr\/wp-json\/wp\/v2\/comments?post=6282"}],"version-history":[{"count":25,"href":"https:\/\/www.herbesl.com\/fr\/wp-json\/wp\/v2\/pages\/6282\/revisions"}],"predecessor-version":[{"id":8810,"href":"https:\/\/www.herbesl.com\/fr\/wp-json\/wp\/v2\/pages\/6282\/revisions\/8810"}],"wp:featuredmedia":[{"embeddable":true,"href":"https:\/\/www.herbesl.com\/fr\/wp-json\/wp\/v2\/media\/5380"}],"wp:attachment":[{"href":"https:\/\/www.herbesl.com\/fr\/wp-json\/wp\/v2\/media?parent=6282"}],"curies":[{"name":"wp","href":"https:\/\/api.w.org\/{rel}","templated":true}]}}