{"id":6280,"date":"2016-07-12T10:12:08","date_gmt":"2016-07-12T08:12:08","guid":{"rendered":"https:\/\/www.herbesl.com\/calidad\/"},"modified":"2025-09-25T15:38:29","modified_gmt":"2025-09-25T13:38:29","slug":"qualite","status":"publish","type":"page","link":"https:\/\/www.herbesl.com\/fr\/qualite\/","title":{"rendered":"Qualit\u00e9"},"content":{"rendered":"<p><section id=\"bt_section69ecadae6109b\"  class=\"boldSection topSemiSpaced gutter boxed inherit\" ><div class=\"port\"><div class=\"boldCell\"><div class=\"boldCellInner\"><div class=\"boldRow \" ><div class=\"boldRowInner\"><div class=\"rowItem col-md-6 col-sm-12 btTextLeft animate animate-fadein inherit\"  data-width=\"6\"><div class=\"rowItemContent\" ><header class=\"header btClear large btDash bottomDash  regular\" ><div class=\"dash\"><\/div><div class=\"btSubTitle\">Nous entendons la qualit\u00e9 comme la meilleure mani\u00e8re de satisfaire nos clients, autant en produit qu\u2019en service. C\u2019est la raison pour laquelle HERBE a implant\u00e9 depuis 2011 un syst\u00e8me de gestion r\u00e9pondant \u00e0 toutes les conditions le la norme de qualit\u00e9 ISO 9001 \u00e0 tous les niveaux, depuis la conception du produit, les entr\u00e9es du mat\u00e9riel, les processus de production, les inspections finales, jusqu\u2019\u00e0 la sortie du produit.<\/p><br><p>Nous sommes certifi\u00e9s par l\u2019organisme d\u2019accr\u00e9ditation internationale LRQA sous le num\u00e9ro de certificat : ISO 9001 \u2013 0034951<\/div><\/header><div class=\"btClear btSeparator topSmallSpaced noBorder\" ><hr><\/div><div class=\"btClear btSeparator topSmallSpaced bottomSmallSpaced noBorder\" ><hr><\/div><\/div><\/div><div class=\"rowItem col-md-6 col-sm-12 btTextLeft animate animate-fadein inherit\"  data-width=\"6\"><div class=\"rowItemContent\" ><div class=\"bpgPhoto btDefaultHoverType\" ><div class = \"btImage\"><img decoding=\"async\" src=\"https:\/\/www.herbesl.com\/wp-content\/uploads\/2022\/09\/UKAS-AND-ISO-9001-2015-big.jpg\" alt=\"\" title=\"\"><\/div><\/div><div class=\"btClear btSeparator topSmallSpaced bottomSmallSpaced noBorder\" ><hr><\/div><a href=\"https:\/\/www.herbesl.com\/wp-content\/uploads\/2024\/11\/ISO-9001-2015-ESPANOL.pdf\" class=\"btBtn btBtn btnFilledStyle btnAccentColor btnSmall btnNormalWidth btnInlinePosition btnIco\"  target=\"_blank\"><span class=\"btnInnerText\">ISO 9001<\/span><span class=\"btIco \"><span  data-ico-fa=\"&#xf061;\" class=\"btIcoHolder\"><\/span><\/span><\/a><\/div><\/div><\/div><\/div><div class=\"boldRow \" ><div class=\"boldRowInner\"><div class=\"rowItem col-md-12 col-ms-12  btTextLeft animate animate-fadein btMiddleVertical\"  data-width=\"12\"><div class=\"rowItemContent\" ><div class=\"btClear btSeparator topSmallSpaced bottomSmallSpaced noBorder\" ><hr><\/div><\/div><\/div><\/div><\/div><div class=\"boldRow \" ><div class=\"boldRowInner\"><div class=\"rowItem col-md-6 col-sm-12 btTextLeft animate animate-fadein inherit\"  data-width=\"6\"><div class=\"rowItemContent\" ><div class=\"btClear btSeparator bottomSemiSpaced noBorder\" ><hr><\/div><div class=\"servicesItem  btIcoAccentColorIcon btIcoBigSizeIcon \"><div class=\"sIcon\"><span class=\"btIco btIcoBigSize btIcoDefaultType btIcoAccentColor btIconCircleShape\"><span  data-ico-s7=\"&#xe634;\" class=\"btIcoHolder\"><\/span><\/span><\/div><div class=\"sTxt\"><header class=\"header btClear small\" ><div class=\"dash\"><h4><span class=\"headline\">Design 3D<\/span><\/h4><\/div><div class=\"btSubTitle\">Nous disposons de la derni\u00e8re technologie en conception 3D, ce qui nous permet de r\u00e9aliser de nouveaux projets dans des d\u00e9lais tr\u00e8s courts et avec des r\u00e9sultats optimaux.<\/div><\/header><\/div><\/div><div class=\"btClear btSeparator bottomSemiSpaced noBorder\" ><hr><\/div><div class=\"bpgPhoto btDefaultHoverType btHasTitles\" ><div class = \"btImage\"><img decoding=\"async\" src=\"\" alt=\"\" title=\"\"><\/div><\/div><div class=\"btClear btSeparator bottomSemiSpaced noBorder\" ><hr><\/div><\/div><\/div><div class=\"rowItem col-md-6 col-sm-12 btTextLeft animate animate-fadein inherit\"  data-width=\"6\"><div class=\"rowItemContent\" ><div class=\"btClear btSeparator bottomSemiSpaced noBorder\" ><hr><\/div><div class=\"servicesItem  btIcoAccentColorIcon btIcoBigSizeIcon \"><div class=\"sIcon\"><span class=\"btIco btIcoBigSize btIcoDefaultType btIcoAccentColor btIconCircleShape\"><span  data-ico-s7=\"&#xe628;\" class=\"btIcoHolder\"><\/span><\/span><\/div><div class=\"sTxt\"><header class=\"header btClear small\" ><div class=\"dash\"><h4><span class=\"headline\">Contr\u00f4le de qualit\u00e9<\/span><\/h4><\/div><div class=\"btSubTitle\">Nous effectuons un rigoureux contr\u00f4le de qualit\u00e9 de tous nos produits pour assurer l\u2019efficience maximale et la fonctionnalit\u00e9 de nos vannes.<\/div><\/header><\/div><\/div><div class=\"btClear btSeparator bottomSemiSpaced noBorder\" ><hr><\/div><div class=\"bpgPhoto btDefaultHoverType\" ><div class = \"btImage\"><img decoding=\"async\" src=\"https:\/\/www.herbesl.com\/wp-content\/uploads\/2022\/09\/CALIDAD.jpg\" alt=\"\" title=\"\"><\/div><\/div><div class=\"btClear btSeparator bottomSemiSpaced noBorder\" ><hr><\/div><\/div><\/div><\/div><\/div><div class=\"boldRow \" ><div class=\"boldRowInner\"><div class=\"rowItem col-md-6 col-sm-12 btTextLeft animate animate-fadein inherit\"  data-width=\"6\"><div class=\"rowItemContent\" ><div class=\"servicesItem  btIcoAccentColorIcon btIcoBigSizeIcon \"><div class=\"sIcon\"><span class=\"btIco btIcoBigSize btIcoDefaultType btIcoAccentColor btIconCircleShape\"><span  data-ico-s7=\"&#xe6a1;\" class=\"btIcoHolder\"><\/span><\/span><\/div><div class=\"sTxt\"><header class=\"header btClear small\" ><div class=\"dash\"><h4><span class=\"headline\">Essais<\/span><\/h4><\/div><div class=\"btSubTitle\">Conform\u00e9ment \u00e0 notre syst\u00e8me de gestion de la qualit\u00e9, HERBE r\u00e9alise les essais pertinents pour s\u2019assurer du fonctionnement correct du produit. Ces essais se r\u00e9alisent selon les normes UNE-EN 12266-1 et UNE-EN 12266-2 ou la norme API STANDARD 598, en fonction des besoins de conception de la vanne ou bien sur demande du client.<\/div><\/header><\/div><\/div><div class=\"btClear btSeparator bottomSemiSpaced noBorder\" ><hr><\/div><div class=\"btClear btSeparator bottomSemiSpaced noBorder\" ><hr><\/div><\/div><\/div><div class=\"rowItem col-md-6 col-sm-12 btTextLeft\"  data-width=\"6\"><div class=\"rowItemContent\" ><div class=\"bpgPhoto btDefaultHoverType btHasTitles\" ><div class = \"btImage\"><img decoding=\"async\" src=\"https:\/\/www.herbesl.com\/wp-content\/uploads\/2022\/09\/CALIDAD3.jpg\" alt=\"\" title=\"\"><\/div><\/div><div class=\"btClear btSeparator bottomSemiSpaced noBorder\" ><hr><\/div><\/div><\/div><\/div><\/div><\/div><\/div><\/div><\/section><section id=\"bt_section69ecadae67288\"  class=\"boldSection topSmallSpaced btDarkSkin gutter boxed inherit\" ><div class=\"port\"><div class=\"boldCell\"><div class=\"boldCellInner\"><div class=\"boldRow \" ><div class=\"boldRowInner\"><div class=\"rowItem col-md-9 col-ms-12  btTextLeft animate animate-fadein inherit\"  data-width=\"9\"><div class=\"rowItemContent\" ><header class=\"header btClear small  regular\" ><div class=\"dash\"><h4><span class=\"headline\">Comment pouvons-nous vous aider ?<\/span><\/h4><\/div><\/header><div class=\"btClear btSeparator bottomSmallSpaced noBorder\" ><hr><\/div><\/div><\/div><div class=\"rowItem col-md-3 col-sm-6 col-ms-12 btTextRight animate animate-fadein btBottomVertical\"  data-width=\"3\"><div class=\"rowItemContent\" ><a href=\"\/fr\/contact\/\" class=\"btBtn btBtn btnFilledStyle btnAccentColor btnMedium btnNormalWidth btnRightPosition btnIco\" ><span class=\"btnInnerText\">CONTACTEZ-NOUS<\/span><span class=\"btIco \"><span  data-ico-s7=\"&#xe647;\" class=\"btIcoHolder\"><\/span><\/span><\/a><div class=\"btClear btSeparator bottomSmallSpaced noBorder\" ><hr><\/div><\/div><\/div><\/div><\/div><\/div><\/div><\/div><\/section><\/p>\n","protected":false},"excerpt":{"rendered":"<p>HERBE VALVES La calidad no se presupone<\/p>\n","protected":false},"author":1,"featured_media":5844,"parent":0,"menu_order":0,"comment_status":"closed","ping_status":"closed","template":"","meta":{"footnotes":""},"class_list":["post-6280","page","type-page","status-publish","has-post-thumbnail","hentry"],"acf":[],"_links":{"self":[{"href":"https:\/\/www.herbesl.com\/fr\/wp-json\/wp\/v2\/pages\/6280","targetHints":{"allow":["GET"]}}],"collection":[{"href":"https:\/\/www.herbesl.com\/fr\/wp-json\/wp\/v2\/pages"}],"about":[{"href":"https:\/\/www.herbesl.com\/fr\/wp-json\/wp\/v2\/types\/page"}],"author":[{"embeddable":true,"href":"https:\/\/www.herbesl.com\/fr\/wp-json\/wp\/v2\/users\/1"}],"replies":[{"embeddable":true,"href":"https:\/\/www.herbesl.com\/fr\/wp-json\/wp\/v2\/comments?post=6280"}],"version-history":[{"count":6,"href":"https:\/\/www.herbesl.com\/fr\/wp-json\/wp\/v2\/pages\/6280\/revisions"}],"predecessor-version":[{"id":9193,"href":"https:\/\/www.herbesl.com\/fr\/wp-json\/wp\/v2\/pages\/6280\/revisions\/9193"}],"wp:featuredmedia":[{"embeddable":true,"href":"https:\/\/www.herbesl.com\/fr\/wp-json\/wp\/v2\/media\/5844"}],"wp:attachment":[{"href":"https:\/\/www.herbesl.com\/fr\/wp-json\/wp\/v2\/media?parent=6280"}],"curies":[{"name":"wp","href":"https:\/\/api.w.org\/{rel}","templated":true}]}}