{"id":5766,"date":"2016-08-01T14:32:09","date_gmt":"2016-08-01T12:32:09","guid":{"rendered":"https:\/\/www.herbesl.com\/contacto\/"},"modified":"2022-11-21T13:29:41","modified_gmt":"2022-11-21T12:29:41","slug":"contact","status":"publish","type":"page","link":"https:\/\/www.herbesl.com\/fr\/contact\/","title":{"rendered":"Contact"},"content":{"rendered":"<section id=\"bt_section69ecafdbc6476\"  class=\"boldSection inherit\" ><div class=\"port\"><div class=\"boldCell\"><div class=\"boldCellInner\"><div class=\"boldRow \" ><div class=\"boldRowInner\"><div class=\"rowItem col-md-6 col-sm-12 btTextLeft animate animate-fadein inherit btLightSkin\"  data-width=\"6\"><div class=\"rowItemContent\" style = \"background-color: rgba(255, 255, 255, 0.6); \"><div class=\"boldRow \" style=\"max-width: 580px; float: right;\"><div class=\"boldRowInner\"><div class=\"rowItem rowInnerItem col-sm-12  btTextLeft\"  ><div class=\"rowItemContent\"><div class=\"btClear btSeparator topSemiSpaced noBorder\" ><hr><\/div><header class=\"header btClear medium btDash bottomDash  regular\" ><div class=\"btSuperTitle\"><span>Contact par E-MAIL<\/span><\/div><div class=\"dash\"><h3><span class=\"headline\">Ce que nous pouvons faire pour vous<\/span><\/h3><\/div><div class=\"btSubTitle\">Si vous souhaitez un conseil technique, n&rsquo;h\u00e9sitez pas \u00e0 nous contacter et nous vous r\u00e9pondrons dans les plus brefs d\u00e9lais.<\/div><\/header><div class=\"btClear btSeparator topSmallSpaced noBorder\" ><hr><\/div><div class=\"btText\" >\n<div class=\"wpcf7 no-js\" id=\"wpcf7-f6353-o1\" lang=\"en-US\" dir=\"ltr\" data-wpcf7-id=\"6353\">\n<div class=\"screen-reader-response\"><p role=\"status\" aria-live=\"polite\" aria-atomic=\"true\"><\/p> <ul><\/ul><\/div>\n<form action=\"\/fr\/wp-json\/wp\/v2\/pages\/5766#wpcf7-f6353-o1\" method=\"post\" class=\"wpcf7-form init\" aria-label=\"Contact form\" novalidate=\"novalidate\" data-status=\"init\">\n<div style=\"display: none;\">\n<input type=\"hidden\" name=\"_wpcf7\" value=\"6353\" \/>\n<input type=\"hidden\" name=\"_wpcf7_version\" value=\"6.0.2\" \/>\n<input type=\"hidden\" name=\"_wpcf7_locale\" value=\"en_US\" \/>\n<input type=\"hidden\" name=\"_wpcf7_unit_tag\" value=\"wpcf7-f6353-o1\" \/>\n<input type=\"hidden\" name=\"_wpcf7_container_post\" value=\"0\" \/>\n<input type=\"hidden\" name=\"_wpcf7_posted_data_hash\" value=\"\" \/>\n<input type=\"hidden\" name=\"_wpcf7_recaptcha_response\" value=\"\" \/>\n<\/div>\n<p><label> Votre nom et pr\u00e9nom (obligatoire)<br \/>\n<span class=\"wpcf7-form-control-wrap\" data-name=\"your-name\"><input size=\"40\" maxlength=\"400\" class=\"wpcf7-form-control wpcf7-text wpcf7-validates-as-required\" aria-required=\"true\" aria-invalid=\"false\" value=\"\" type=\"text\" name=\"your-name\" \/><\/span> <\/label>\n<\/p>\n<p><label> Email (obligatoire)<br \/>\n<span class=\"wpcf7-form-control-wrap\" data-name=\"your-email\"><input size=\"40\" maxlength=\"400\" class=\"wpcf7-form-control wpcf7-email wpcf7-validates-as-required wpcf7-text wpcf7-validates-as-email\" aria-required=\"true\" aria-invalid=\"false\" value=\"\" type=\"email\" name=\"your-email\" \/><\/span> <\/label>\n<\/p>\n<p><label> Sujet<br \/>\n<span class=\"wpcf7-form-control-wrap\" data-name=\"your-subject\"><input size=\"40\" maxlength=\"400\" class=\"wpcf7-form-control wpcf7-text\" aria-invalid=\"false\" value=\"\" type=\"text\" name=\"your-subject\" \/><\/span> <\/label>\n<\/p>\n<p><label> Message<br \/>\n<span class=\"wpcf7-form-control-wrap\" data-name=\"your-message\"><textarea cols=\"40\" rows=\"10\" maxlength=\"2000\" class=\"wpcf7-form-control wpcf7-textarea\" aria-invalid=\"false\" name=\"your-message\"><\/textarea><\/span> <\/label>\n<\/p>\n<p><label><br \/>\n<span class=\"wpcf7-form-control-wrap\" data-name=\"acceptance\"><span class=\"wpcf7-form-control wpcf7-acceptance\"><span class=\"wpcf7-list-item\"><input type=\"checkbox\" name=\"acceptance\" value=\"1\" class=\"aceptar\" aria-invalid=\"false\" \/><\/span><\/span><\/span> J&rsquo;ai lu et j&rsquo;accepte <a href=\"https:\/\/www.herbesl.com\/fr\/politique-de-confidentialite\/\">la politique de confidentialit\u00e9<\/a>. <\/label>\n<\/p>\n<p><input class=\"wpcf7-form-control wpcf7-submit has-spinner\" type=\"submit\" value=\"Envoyer\" \/>\n<\/p><div class=\"wpcf7-response-output\" aria-hidden=\"true\"><\/div>\n<\/form>\n<\/div>\n<\/div><div class=\"btClear btSeparator topSemiSpaced noBorder\" ><hr><\/div><div class=\"btText\" ><\/p>\n<p><strong>Si vous le souhaitez, vous pouvez contacter nos diff\u00e9rents d\u00e9partements:<\/strong><\/p>\n<p><strong>SERVICE DES VENTES:<\/strong> <a href=\"mailto:sales@herbesl.com\">sales@herbesl.com<\/a><br \/>\n<strong>D\u00c9PARTEMENT DES ACHATS:<\/strong> <a href=\"mailto:compras@herbesl.com\">compras@herbesl.com<\/a><br \/>\n<strong>SERVICE QUALIT\u00c9:<\/strong> <a href=\"mailto:calidad@herbesl.com\">calidad@herbesl.com<\/a><br \/>\n<strong>BUREAU TECHNIQUE:<\/strong> <a href=\"mailto:tecnica@herbesl.com\">tecnica@herbesl.com<\/a><\/p>\n<p><strong>Nos heures de bureau sont les suivantes:<\/strong><br \/>\n<strong>L-J:<\/strong> 08:00-13:00 \/ 15:00-18:00<br \/>\n<strong>V:<\/strong> 08:00-14:00<\/p>\n<p>\n<\/div><div class=\"btClear btSeparator topSemiSpaced noBorder\" ><hr><\/div><\/div><\/div><\/div><\/div><\/div><\/div><div class=\"rowItem col-md-6 col-sm-12 btTextLeft inherit\"  data-width=\"6\"><div class=\"rowItemContent\" ><div class=\"bpgPhoto btDefaultHoverType\" ><div class = \"btImage\"><img decoding=\"async\" src=\"https:\/\/www.herbesl.com\/wp-content\/uploads\/2022\/05\/contacto-herbe-uno.jpg\" alt=\"\" title=\"\"><\/div><\/div><div class=\"bpgPhoto btDefaultHoverType\" ><div class = \"btImage\"><img decoding=\"async\" src=\"https:\/\/www.herbesl.com\/wp-content\/uploads\/2022\/05\/contacto-herbe-dos-1200x640.jpg\" alt=\"\" title=\"\"><\/div><\/div><\/div><\/div><\/div><\/div><\/div><\/div><\/div><\/section>\n","protected":false},"excerpt":{"rendered":"<p>No dudes en contactar con nosotros.<\/p>\n","protected":false},"author":1,"featured_media":5406,"parent":0,"menu_order":0,"comment_status":"closed","ping_status":"closed","template":"","meta":{"footnotes":""},"class_list":["post-5766","page","type-page","status-publish","has-post-thumbnail","hentry"],"acf":[],"_links":{"self":[{"href":"https:\/\/www.herbesl.com\/fr\/wp-json\/wp\/v2\/pages\/5766","targetHints":{"allow":["GET"]}}],"collection":[{"href":"https:\/\/www.herbesl.com\/fr\/wp-json\/wp\/v2\/pages"}],"about":[{"href":"https:\/\/www.herbesl.com\/fr\/wp-json\/wp\/v2\/types\/page"}],"author":[{"embeddable":true,"href":"https:\/\/www.herbesl.com\/fr\/wp-json\/wp\/v2\/users\/1"}],"replies":[{"embeddable":true,"href":"https:\/\/www.herbesl.com\/fr\/wp-json\/wp\/v2\/comments?post=5766"}],"version-history":[{"count":4,"href":"https:\/\/www.herbesl.com\/fr\/wp-json\/wp\/v2\/pages\/5766\/revisions"}],"predecessor-version":[{"id":6357,"href":"https:\/\/www.herbesl.com\/fr\/wp-json\/wp\/v2\/pages\/5766\/revisions\/6357"}],"wp:featuredmedia":[{"embeddable":true,"href":"https:\/\/www.herbesl.com\/fr\/wp-json\/wp\/v2\/media\/5406"}],"wp:attachment":[{"href":"https:\/\/www.herbesl.com\/fr\/wp-json\/wp\/v2\/media?parent=5766"}],"curies":[{"name":"wp","href":"https:\/\/api.w.org\/{rel}","templated":true}]}}