{"id":5988,"date":"2022-06-23T09:31:08","date_gmt":"2022-06-23T07:31:08","guid":{"rendered":"https:\/\/www.herbesl.com\/politica-de-cookies\/"},"modified":"2022-10-31T12:41:29","modified_gmt":"2022-10-31T11:41:29","slug":"politica-de-cookies","status":"publish","type":"page","link":"https:\/\/www.herbesl.com\/en\/politica-de-cookies\/","title":{"rendered":"Cookies policy"},"content":{"rendered":"<section id=\"bt_section69ecb4f2d2130\"  class=\"boldSection topSemiSpaced bottomSemiSpaced gutter boxed inherit\" ><div class=\"port\"><div class=\"boldCell\"><div class=\"boldCellInner\"><div class=\"boldRow \" ><div class=\"boldRowInner\"><div class=\"rowItem col-md-12 col-ms-12  btTextLeft animate animate-fadein inherit\"  data-width=\"12\"><div class=\"rowItemContent\" ><div class=\"btClear btSeparator bottomSmallSpaced noBorder\" ><hr><\/div><div class=\"btText\" ><\/p>\n<p>De conformidad con la normativa espa\u00f1ola que regula el uso de cookies en relaci\u00f3n a la prestaci\u00f3n de servicios de comunicaciones electr\u00f3nicas, recogida en el Real Decreto-ley 13\/2012, de 30 de marzo, le informamos sobre las cookies utilizadas en el sitio web de HERBE VALVES SL. (en adelante, el \u201cSitio Web\u201d) y el motivo de su uso. Asimismo, HERBE VALVES SL.. le informa que al navegar en el Sitio Web usted est\u00e1 prestando su consentimiento para poder utilizarlas.<\/p>\n<p>Las cookies utilizadas en nuestro Sitio Web, son propias y de terceros, y nos permiten almacenar y acceder a informaci\u00f3n relativa al idioma, el tipo de navegador utilizado, y otras caracter\u00edsticas generales predefinidas por el usuario, as\u00ed como, seguir y analizar la actividad que lleva a cabo, con el objeto de introducir mejoras y prestar nuestros servicios de una manera m\u00e1s eficiente y personalizada. HERBE VALVES SL. no utiliza cookies publicitarias o de publicidad comportamental.<\/p>\n<p>La utilizaci\u00f3n de las cookies ofrece numerosas ventajas en la prestaci\u00f3n de servicios de la sociedad de la informaci\u00f3n, puesto que, entre otras: (i) facilita al usuario la navegaci\u00f3n en el Sitio Web y el acceso a los diferentes servicios que ofrece; (ii) evita al usuario configurar las caracter\u00edsticas generales predefinidas cada vez que accede al Sitio Web; (iii) favorece la mejora del funcionamiento y de los servicios prestados a trav\u00e9s del Sitio Web, tras el correspondiente an\u00e1lisis de la informaci\u00f3n obtenida a trav\u00e9s de las cookies instaladas.<\/p>\n<p>No obstante, puedes configurar tu navegador, aceptando o rechazando todas las cookies, o bien seleccionar aqu\u00e9llas cuya instalaci\u00f3n admites y cu\u00e1les no, siguiendo uno de los siguientes procedimientos, dependiendo del navegador utilizado:<\/p>\n<p><strong>Google Chrome<\/strong>\u00a0(en el Men\u00fa Herramientas) Configuraci\u00f3n &gt; Mostrar opciones avanzadas &gt; Privacidad (Configuraci\u00f3n de Contenido) &gt; Cookies<br \/>\nM\u00e1s informaci\u00f3n:\u00a0<a href=\"https:\/\/support.google.com\/chrome\/answer\/95647?hl=es\">https:\/\/support.google.com\/chrome\/answer\/95647?hl=es<\/a><\/p>\n<p><strong>Microsoft Internet Explorer<\/strong>\u00a0(en el Men\u00fa Herramientas)<br \/>\nOpciones de Internet &gt; Privacidad &gt; Avanzada<br \/>\nM\u00e1s informaci\u00f3n:\u00a0<a href=\"http:\/\/windows.microsoft.com\/es-es\/internet-explorer\/delete-manage-cookies#ie=ie-9\">http:\/\/windows.microsoft.com\/es-es\/internet-explorer\/delete-manage-cookies#ie=ie-9<\/a><\/p>\n<p><strong>Microsoft Edge<\/strong>\u00a0(en el Men\u00fa Herramientas)<br \/>\nOpciones de Internet &gt; Configuraci\u00f3n &gt; Privacidad, b\u00fasqueda y servicios<br \/>\nM\u00e1s informaci\u00f3n:\u00a0<a href=\"https:\/\/microsoftedgewelcome.microsoft.com\/es-es\/privacy?source=settings\">Microsoft Edge<\/a><\/p>\n<p><strong>Firefox<\/strong><br \/>\nOpciones &gt; Privacidad &gt; Cookies<br \/>\nM\u00e1s informaci\u00f3n:\u00a0<a href=\"http:\/\/support.mozilla.org\/es\/kb\/habilitar-y-deshabilitar-cookies-que-los-sitios-we\">http:\/\/support.mozilla.org\/es\/kb\/habilitar-y-deshabilitar-cookies-que-los-sitios-we<\/a><\/p>\n<p><strong>Safari , iPad y iPhone<\/strong><br \/>\nPreferencias &gt; Privacidad<br \/>\nM\u00e1s informaci\u00f3n:\u00a0<a href=\"http:\/\/www.apple.com\/es\/privacy\/use-of-cookies\/%20Opera\">http:\/\/www.apple.com\/es\/privacy\/use-of-cookies\/ Opera<\/a><br \/>\nConfiguraci\u00f3n &gt; Opciones &gt; Avanzado &gt; Cookies<br \/>\nM\u00e1s informaci\u00f3n:\u00a0<a href=\"http:\/\/help.opera.com\/Linux\/10.60\/es-ES\/cookies.html\">http:\/\/help.opera.com\/Linux\/10.60\/es-ES\/cookies.html<\/a><\/p>\n<p>HERBE VALVES SL. utiliza en su Sitio Web:<\/p>\n<p><strong>Cookies t\u00e9cnicas:<\/strong><\/p>\n<p>Son aqu\u00e9llas necesarias para la transmisi\u00f3n de una comunicaci\u00f3n por una red de comunicaciones electr\u00f3nicas o, las que resulten estrictamente necesarias para la prestaci\u00f3n de un servicio de la sociedad de la informaci\u00f3n expresamente solicitado. La configuraci\u00f3n del navegador de manera que impida la instalaci\u00f3n de estas cookies, puede suponer la imposibilidad de navegar por el Sitio Web o de disfrutar del servicio expresamente solicitado.<\/p>\n<table width=\"424\">\n<tbody>\n<tr>\n<td width=\"197\"><strong>Tipo<\/strong><\/td>\n<td width=\"227\"><strong>Descripci\u00f3n<\/strong><\/td>\n<\/tr>\n<tr>\n<td width=\"197\">HERBE VALVES SL.<\/td>\n<td width=\"227\">Configuraci\u00f3n regional<\/td>\n<\/tr>\n<\/tbody>\n<\/table>\n<p><strong>Cookies de personalizaci\u00f3n:<\/strong><\/p>\n<p>Son aqu\u00e9llas que permiten al usuario acceder al Sitio Web con algunas caracter\u00edsticas de car\u00e1cter general predefinidas, entre otras el idioma, el tipo de navegador o la configuraci\u00f3n regional. La configuraci\u00f3n del navegador de manera que impida la instalaci\u00f3n de estas cookies, puede generar la necesidad de configurar cada vez que se accede al mismo.<\/p>\n<table width=\"528\">\n<tbody>\n<tr>\n<td width=\"140\"><strong>Tipo<\/strong><\/td>\n<td width=\"255\"><strong>Descripci\u00f3n<\/strong><\/td>\n<\/tr>\n<tr>\n<td width=\"140\">HERBE VALVES SL.<\/td>\n<td width=\"255\">Configuraci\u00f3n regional<\/td>\n<\/tr>\n<\/tbody>\n<\/table>\n<p><strong>Cookies de an\u00e1lisis:<\/strong><\/p>\n<p>Son aquellas que permiten el seguimiento y an\u00e1lisis del comportamiento de los usuarios de los sitios web a los que est\u00e1n vinculados.<\/p>\n<table width=\"395\">\n<tbody>\n<tr>\n<td width=\"140\"><strong>Tipo<\/strong><\/td>\n<td width=\"255\"><strong>Descripci\u00f3n<\/strong><\/td>\n<\/tr>\n<tr>\n<td width=\"140\">Google analytics<\/td>\n<td width=\"255\">Estad\u00edsticas de la web.<\/td>\n<\/tr>\n<\/tbody>\n<\/table>\n<p>Mallutz, Bloque 3, Edif. 2, Locales 20-21, Ordizia, 20240, Gipuzkoa (Espa\u00f1a) | T. +34 943884077\u00a0 |\u00a0 herbe@herbesl.com<\/p>\n<p>\n<\/div><div class=\"btClear btSeparator topSemiSpaced noBorder\" ><hr><\/div><\/div><\/div><\/div><\/div><\/div><\/div><\/div><\/section>\n","protected":false},"excerpt":{"rendered":"","protected":false},"author":1,"featured_media":5705,"parent":0,"menu_order":0,"comment_status":"closed","ping_status":"closed","template":"","meta":{"footnotes":""},"class_list":["post-5988","page","type-page","status-publish","has-post-thumbnail","hentry"],"acf":[],"_links":{"self":[{"href":"https:\/\/www.herbesl.com\/en\/wp-json\/wp\/v2\/pages\/5988","targetHints":{"allow":["GET"]}}],"collection":[{"href":"https:\/\/www.herbesl.com\/en\/wp-json\/wp\/v2\/pages"}],"about":[{"href":"https:\/\/www.herbesl.com\/en\/wp-json\/wp\/v2\/types\/page"}],"author":[{"embeddable":true,"href":"https:\/\/www.herbesl.com\/en\/wp-json\/wp\/v2\/users\/1"}],"replies":[{"embeddable":true,"href":"https:\/\/www.herbesl.com\/en\/wp-json\/wp\/v2\/comments?post=5988"}],"version-history":[{"count":1,"href":"https:\/\/www.herbesl.com\/en\/wp-json\/wp\/v2\/pages\/5988\/revisions"}],"predecessor-version":[{"id":5989,"href":"https:\/\/www.herbesl.com\/en\/wp-json\/wp\/v2\/pages\/5988\/revisions\/5989"}],"wp:featuredmedia":[{"embeddable":true,"href":"https:\/\/www.herbesl.com\/en\/wp-json\/wp\/v2\/media\/5705"}],"wp:attachment":[{"href":"https:\/\/www.herbesl.com\/en\/wp-json\/wp\/v2\/media?parent=5988"}],"curies":[{"name":"wp","href":"https:\/\/api.w.org\/{rel}","templated":true}]}}