{"id":5986,"date":"2022-06-23T09:29:23","date_gmt":"2022-06-23T07:29:23","guid":{"rendered":"https:\/\/www.herbesl.com\/aviso-legal-y-condiciones-de-uso\/"},"modified":"2022-10-31T12:40:11","modified_gmt":"2022-10-31T11:40:11","slug":"legal-notice-and-terms-of-use","status":"publish","type":"page","link":"https:\/\/www.herbesl.com\/en\/legal-notice-and-terms-of-use\/","title":{"rendered":"Legal notice and terms of use"},"content":{"rendered":"<section id=\"bt_section69ecb4f31153a\"  class=\"boldSection topSemiSpaced bottomSemiSpaced gutter boxed inherit\" ><div class=\"port\"><div class=\"boldCell\"><div class=\"boldCellInner\"><div class=\"boldRow \" ><div class=\"boldRowInner\"><div class=\"rowItem col-md-12 col-ms-12  btTextLeft animate animate-fadein inherit\"  data-width=\"12\"><div class=\"rowItemContent\" ><div class=\"btClear btSeparator bottomSmallSpaced noBorder\" ><hr><\/div><div class=\"btText\" ><\/p>\n<p><strong>La compa\u00f1\u00eda<\/strong><\/p>\n<p>La presente p\u00e1gina web es propiedad de la siguiente compa\u00f1\u00eda:<\/p>\n<p>HERBE VALVES SL (en adelante, HERBESL), es el propietario de esta p\u00e1gina web, con domicilio social en:<\/p>\n<p>Mallutz, Bloque 3, Edif. 2, Locales 20-21, Ordizia, 20240, Gipuzkoa (Espa\u00f1a)<\/p>\n<p>Para contactar con nosotros, por favor dir\u00edjase a:<\/p>\n<ul>\n<li>Mail de contacto:\u00a0<a href=\"mailto:herbe@herbesl.com\">herbe(@)herbesl.com<\/a><\/li>\n<li>Tel: +34 943884077<\/li>\n<\/ul>\n<p>(Informaci\u00f3n facilitada en cumplimiento de la Ley 34\/2002 de Servicios de la Sociedad de la Informaci\u00f3n y de Comercio Electr\u00f3nico).<\/p>\n<p><strong>Registro mercantil<\/strong><\/p>\n<p>Inscrita en el Registro Mercantil de Guip\u00fazcoa, Tomo 2946 del libro de inscripciones 0, Hoja SS-42695, Folio 180<\/p>\n<p><strong>N\u00famero de identificaci\u00f3n fiscal<\/strong><\/p>\n<p>N\u00famero de identificaci\u00f3n fiscal (CIF): ES-B01629021<\/p>\n<p><strong>Contacto<\/strong><\/p>\n<p>Mail de contacto:\u00a0<a href=\"mailto:herbe@herbesl.com\">herbe(@)herbesl.com<\/a><\/p>\n<hr \/>\n<p><strong>Condiciones de acceso y utilizaci\u00f3n<\/strong><\/p>\n<p>El usuario de esta web, mediante su acceso y navegaci\u00f3n por la misma, se obliga a utilizarla conforme a la legislaci\u00f3n vigente en cada momento y a las condiciones establecidas en el presente Aviso Legal, la moral y las buenas costumbres generalmente aceptadas y el orden p\u00fablico. El usuario responder\u00e1 frente a HERBESL y\/o frente a terceros, de cualesquiera da\u00f1os y perjuicios que pudieran causarse como consecuencia del incumplimiento de dicha obligaci\u00f3n.<\/p>\n<p>El acceso y navegaci\u00f3n por esta web implica aceptar y conocer las advertencias legales que aqu\u00ed se recogen. El mero acceso no implica el establecimiento de ning\u00fan tipo de relaci\u00f3n entre HERBESL y el usuario.<\/p>\n<p>El usuario de este sitio web deber\u00e1 abstenerse, en todo caso, de suprimir, alterar, eludir o manipular cualquier dispositivo de protecci\u00f3n o sistema de seguridad que puedan estar instalados en el mismo.<\/p>\n<p>HERBESL no se hace responsable de los da\u00f1os o perjuicios, directos o indirectos, derivados del uso de esta p\u00e1gina web, incluidos da\u00f1os a sistemas inform\u00e1ticos, introducci\u00f3n de virus y da\u00f1os originados por cualquier decisi\u00f3n tomada en base a la informaci\u00f3n contenida en el mismo.<\/p>\n<p>Los v\u00ednculos o enlaces con otros portales o sitios web no gestionados por HERBESL que la presente web pudiera contener se ofrecer\u00e1n, \u00fanicamente, a modo de referencias informativas, sin ning\u00fan tipo de valoraci\u00f3n sobre los contenidos, propietarios, servicios o productos ofrecidos desde los mismos. HERBESL no ejerce control alguno sobre dichos portales o sitios web, ni es responsable del contenido de los mismos.<\/p>\n<p>En todo caso, HERBESL queda exonerada de toda responsabilidad en relaci\u00f3n con los servicios prestados por dichos terceros frente a cualquier reclamaci\u00f3n de cualquier naturaleza que pudiera interponerse en relaci\u00f3n con los mismos.<\/p>\n<p><strong>Propiedad Intelectual e Industrial.<\/strong><\/p>\n<p>HERBESL es titular de derechos de propiedad industrial (patentes, dise\u00f1os y signos distintivos) y de propiedad intelectual.<\/p>\n<p>Todos los contenidos presentes en este portal, entendiendo por estos a t\u00edtulo enunciativo y no limitativo, los textos, im\u00e1genes, fotograf\u00edas, dise\u00f1os, sonidos, videos, ilustraciones, ficheros, logotipos, c\u00f3digos fuente, combinaciones de colores, o cualesquiera otros elementos, as\u00ed como su estructura y dise\u00f1o, la selecci\u00f3n y forma de presentaci\u00f3n de los materiales incluidos en la misma y los programas de ordenador necesarios para su funcionamiento, acceso y utilizaci\u00f3n se encuentran sujetos a los derechos de propiedad industrial e intelectual pertenecientes a HERBESL o a terceros que han autorizado su inclusi\u00f3n, por lo que queda expresamente prohibida la reproducci\u00f3n total o parcial de esta web y de cualesquiera de sus contenidos sin el permiso expreso y por escrito de XUNZEL no pudiendo en ning\u00fan caso utilizarse con fines comerciales ni de explotaci\u00f3n, distribuci\u00f3n, reproducci\u00f3n, comunicaci\u00f3n p\u00fablica, utilizaci\u00f3n de t\u00e9cnica de ingenier\u00eda inversa, ni modificarlos, alterarlos o descompilarlos sin la correspondiente autorizaci\u00f3n previa del titular y por escrito salvo que se encuentre legalmente permitido. Cualquier utilizaci\u00f3n de esta web o de sus contenidos contraria a la normativa vigente podr\u00e1 ser perseguida.<\/p>\n<p>Todas las publicaciones, marcas, nombres comerciales o signos distintivos de cualquier clase, dise\u00f1os y tecnolog\u00eda que aparecen en el sitio web son propiedad de HERBESL o de las compa\u00f1\u00edas del grupo HERBESL, sin que pueda entenderse que el uso o acceso al sitio web atribuya al usuario derecho alguno sobre los mismos, ni sobre ninguno de los contenidos que figuran en el portal.<\/p>\n<p>\n<\/div><div class=\"btClear btSeparator topSemiSpaced noBorder\" ><hr><\/div><\/div><\/div><\/div><\/div><\/div><\/div><\/div><\/section>\n","protected":false},"excerpt":{"rendered":"","protected":false},"author":1,"featured_media":5707,"parent":0,"menu_order":0,"comment_status":"closed","ping_status":"closed","template":"","meta":{"footnotes":""},"class_list":["post-5986","page","type-page","status-publish","has-post-thumbnail","hentry"],"acf":[],"_links":{"self":[{"href":"https:\/\/www.herbesl.com\/en\/wp-json\/wp\/v2\/pages\/5986","targetHints":{"allow":["GET"]}}],"collection":[{"href":"https:\/\/www.herbesl.com\/en\/wp-json\/wp\/v2\/pages"}],"about":[{"href":"https:\/\/www.herbesl.com\/en\/wp-json\/wp\/v2\/types\/page"}],"author":[{"embeddable":true,"href":"https:\/\/www.herbesl.com\/en\/wp-json\/wp\/v2\/users\/1"}],"replies":[{"embeddable":true,"href":"https:\/\/www.herbesl.com\/en\/wp-json\/wp\/v2\/comments?post=5986"}],"version-history":[{"count":1,"href":"https:\/\/www.herbesl.com\/en\/wp-json\/wp\/v2\/pages\/5986\/revisions"}],"predecessor-version":[{"id":5987,"href":"https:\/\/www.herbesl.com\/en\/wp-json\/wp\/v2\/pages\/5986\/revisions\/5987"}],"wp:featuredmedia":[{"embeddable":true,"href":"https:\/\/www.herbesl.com\/en\/wp-json\/wp\/v2\/media\/5707"}],"wp:attachment":[{"href":"https:\/\/www.herbesl.com\/en\/wp-json\/wp\/v2\/media?parent=5986"}],"curies":[{"name":"wp","href":"https:\/\/api.w.org\/{rel}","templated":true}]}}